{"id":1960,"date":"2017-09-11T10:14:06","date_gmt":"2017-09-11T08:14:06","guid":{"rendered":"http:\/\/haus-gero.de\/gero\/?page_id=1960"},"modified":"2025-11-12T13:57:16","modified_gmt":"2025-11-12T12:57:16","slug":"westwohnung","status":"publish","type":"page","link":"https:\/\/haus-gero.de\/gero\/westwohnung\/","title":{"rendered":"Westwohnung"},"content":{"rendered":"<div class=\"fusion-fullwidth fullwidth-box fusion-builder-row-1 nonhundred-percent-fullwidth non-hundred-percent-height-scrolling\" style=\"background-color: rgba(255,255,255,0);background-position: center center;background-repeat: no-repeat;padding-top:0px;padding-right:0px;padding-bottom:0px;padding-left:0px;margin-bottom: 0px;margin-top: 0px;border-width: 0px 0px 0px 0px;border-color:#eae9e9;border-style:solid;\" ><div class=\"fusion-builder-row fusion-row\"><div class=\"fusion-layout-column fusion_builder_column fusion-builder-column-0 fusion_builder_column_1_2 1_2 fusion-one-half fusion-column-first\" style=\"width:50%;width:calc(50% - ( ( 4% ) * 0.5 ) );margin-right: 4%;margin-top:0px;margin-bottom:20px;\"><div class=\"fusion-column-wrapper fusion-flex-column-wrapper-legacy\" style=\"background-position:left top;background-repeat:no-repeat;-webkit-background-size:cover;-moz-background-size:cover;-o-background-size:cover;background-size:cover;padding: 0px 0px 0px 0px;\"><div class=\"fusion-text fusion-text-1\"><h3>Die Westwohnung<br \/>\n<strong>Das Allwetter Wohlf\u00fchldomizil<\/strong><\/h3>\n<p>Auf ca. 48 qm bietet diese helle geschmackvoll eingerichtete Wohnung im ersten Stock jeden Komfort, den man sich f\u00fcr den gelungenen Urlaub w\u00fcnscht.<\/p>\n<p>Wenn Sie die Westwohnung betreten, finden Sie im Eingangsbereich zu Ihrer Linken das Schlafzimmer, zu Ihrer Rechten das Badezimmer und geradeaus das gro\u00dfz\u00fcgige Wohnzimmer mit integrierter K\u00fcchenzeile und Essplatz.<\/p>\n<p>Das\u00a0Schlafzimmer\u00a0der Wohnung ist mit einem bequemen Doppelbett ausgestattet, das verstellbare Lattenroste enth\u00e4lt. Au\u00dferdem stehen Ihnen zwei Nachtschr\u00e4nkchen mit Leselampen und jeweils einem Wecker zur Verf\u00fcgung. Zudem finden Sie einen ger\u00e4umigen Kleiderschrank mit einem gro\u00dfen Spiegel vor. Das helle Holz der M\u00f6blierung und die Gestaltung des Zimmers wirken dazu zeitlos.<\/p>\n<p>Vom Schlafzimmer k\u00f6nnen Sie auch den\u00a0S\u00fcdbalkon\u00a0der Westwohnung betreten, der mit Sitzgelegenheit ausgestattet, Ihnen einen Blick auf das Wattenmeer erlaubt.<\/p>\n<p>Die helle\u00a0K\u00fcchenzeile\u00a0im Landhaus-Stil bietet Ihnen alles, was Sie f\u00fcr Ihren Urlaub brauchen. Es steht Ihnen neben einen Mikrowellenofen ein leicht zu bedienendes Vierfeld-Ceran-Kochfeld zur Verf\u00fcgung. Eine Edelstahlsp\u00fcle, ein K\u00fchlschrank mit Gefrierfach und eine Dunstabzugshaube sind ebenfalls enthalten. Am\u00a0Esstisch\u00a0k\u00f6nnen Sie Ihr Fr\u00fchst\u00fcck und sollten Sie einmal selber kochen auch das Abendessen genie\u00dfen. Zur Ausstattung geh\u00f6rt neben der Kaffeemaschine auch Wasserkocher, Eierkocher und Mixer, ausreichend Geschirr ist vorhanden.<\/p>\n<p>Im Wohnbereich bietet die gem\u00fctliche\u00a0Sitzecke\u00a0die M\u00f6glichkeit einmal alle Viere von sich ausstrecken zu k\u00f6nnen. Es steht eine kleine Musikanlage mit Radio, CD- &amp; Kassettendeck auf einer Anrichte, der Fernseher mit Kabelanschluss befindet auf einem weiterem Eckschrank, man muss ja nicht immer eines der vorhandenen B\u00fccher lesen oder die Spielesammlung benutzen.<\/p>\n<p>Das\u00a0Badezimmer\u00a0in der Westwohnung, ebenfalls im unaufdringlichen und zeitlosen Design, ist ausgestattet mit Dusche, WC, Waschbecken, Spiegelschrank und F\u00f6n. Zudem stellen wir Ihnen Badem\u00e4ntel zur Verf\u00fcgung. Die Handt\u00fccher mit Badetuch werden regelm\u00e4\u00dfig kostenlos gewechselt.<\/p>\n<\/div><div class=\"fusion-clearfix\"><\/div><\/div><\/div><div class=\"fusion-layout-column fusion_builder_column fusion-builder-column-1 fusion_builder_column_1_2 1_2 fusion-one-half fusion-column-last\" style=\"width:50%;width:calc(50% - ( ( 4% ) * 0.5 ) );margin-top:0px;margin-bottom:20px;\"><div class=\"fusion-column-wrapper fusion-flex-column-wrapper-legacy\" style=\"background-position:left top;background-repeat:no-repeat;-webkit-background-size:cover;-moz-background-size:cover;-o-background-size:cover;background-size:cover;padding: 0px 0px 0px 0px;\"><div class=\"fusion-sep-clear\"><\/div><div class=\"fusion-separator fusion-full-width-sep\" style=\"margin-left: auto;margin-right: auto;margin-top:50px;margin-bottom:50px;width:100%;\"><\/div><div class=\"fusion-sep-clear\"><\/div><style type='text\/css'>\n\t\t\t\t.pricing-table-1 .panel-container, .pricing-table-1 .standout .panel-container,\n\t\t\t\t.pricing-table-1.full-boxed-pricing {background-color:#f8f8f8;}\n\t\t\t\t.pricing-table-1 .list-group .list-group-item,\n\t\t\t\t.pricing-table-1 .list-group .list-group-item:last-child{background-color:#ffffff; border-color:#ededed;}\n\t\t\t\t.pricing-table-1.full-boxed-pricing .panel-wrapper:hover .panel-heading,\n\t\t\t\t.pricing-table-1 .panel-wrapper:hover .list-group-item {background-color:#f8f8f8;}\n\t\t\t\t.pricing-table-1.full-boxed-pricing .panel-heading{background-color:#ffffff;}\n\t\t\t\t.pricing-table-1 .fusion-panel, .pricing-table-1 .panel-wrapper:last-child .fusion-panel,\n\t\t\t\t.pricing-table-1 .standout .fusion-panel, .pricing-table-1  .panel-heading,\n\t\t\t\t.pricing-table-1 .panel-body, .pricing-table-1 .panel-footer{border-color:#ededed;}\n\t\t\t\t.pricing-table-1 .panel-body,.pricing-table-1 .panel-footer{background-color:#f8f8f8;}\n\t\t\t\t.pricing-table-1.sep-boxed-pricing .panel-heading h3{color:#333333;}\n\t\t\t\t.pricing-table-1.full-boxed-pricing.fusion-pricing-table .panel-heading h3{color:#333333;}\n\t\t\t\t.pricing-table-1.fusion-pricing-table .panel-body .price .decimal-part{color:#c4a362;}\n\t\t\t\t.pricing-table-1.fusion-pricing-table .panel-body .price .integer-part{color:#c4a362;}\n\t\t\t\t.pricing-table-1 ul.list-group li{color:#747474;}\n\t\t\t\t<\/style><div class=\"fusion-pricing-table pricing-table-1 sep-boxed-pricing row fusion-columns-2 columns-2 fusion-clearfix\"><div class=\"panel-wrapper fusion-column column col-lg-6 col-md-6 col-sm-6 fusion-pricingtable-column\"><div class=\"panel-container\"><div class=\"fusion-panel\"><div class=\"panel-heading\"><h3 class=\"title-row\">Nebensaison<\/h3><\/div><div class=\"panel-body pricing-row\"><div class=\"price price-with-decimal\"><span class=\"currency\">\u20ac<\/span><span class=\"integer-part\">78<\/span><sup class=\"decimal-part\">00<\/sup><span class=\"time\">Nacht<\/span><\/div><\/div><\/ul><div class=\"panel-footer footer-row\">vom 01.05. &#8211; 14.06.<br \/>\nvom 11.09. &#8211; 15.10.<\/div><\/div><\/div><\/div><div class=\"panel-wrapper fusion-column column col-lg-6 col-md-6 col-sm-6 fusion-pricingtable-column\"><div class=\"panel-container\"><div class=\"fusion-panel\"><div class=\"panel-heading\"><h3 class=\"title-row\">Hauptsaison<\/h3><\/div><div class=\"panel-body pricing-row\"><div class=\"price price-with-decimal\"><span class=\"currency\">\u20ac<\/span><span class=\"integer-part\">93<\/span><sup class=\"decimal-part\">00<\/sup><span class=\"time\">Nacht<\/span><\/div><\/div><\/ul><div class=\"panel-footer footer-row\">vom 15.06. &#8211; 10.09.<\/div><\/div><\/div><\/div><\/div><div class=\"imageframe-align-center\"><style>.fusion-image-frame-bottomshadow.image-frame-shadow-1{display:inline-block}.element-bottomshadow.imageframe-1:before, .element-bottomshadow.imageframe-1:after{-webkit-box-shadow: 0 17px 10px rgba(0,0,0,0.4);box-shadow: 0 17px 10px rgba(0,0,0,0.4);}<\/style><div class=\"awb-image-frame awb-image-frame-1 fusion-image-frame-bottomshadow image-frame-shadow-1\"><span class=\" fusion-imageframe imageframe-bottomshadow imageframe-1 element-bottomshadow hover-type-none\"><img decoding=\"async\" width=\"600\" height=\"838\" title=\"grundriss_westwohnung_org\" src=\"http:\/\/haus-gero.de\/gero\/wp-content\/uploads\/2017\/09\/grundriss_westwohnung_org.jpg\" alt class=\"img-responsive wp-image-1975\" srcset=\"https:\/\/haus-gero.de\/gero\/wp-content\/uploads\/2017\/09\/grundriss_westwohnung_org-200x279.jpg 200w, https:\/\/haus-gero.de\/gero\/wp-content\/uploads\/2017\/09\/grundriss_westwohnung_org-400x559.jpg 400w, https:\/\/haus-gero.de\/gero\/wp-content\/uploads\/2017\/09\/grundriss_westwohnung_org.jpg 600w\" sizes=\"(max-width: 800px) 100vw, 600px\" \/><\/span><\/div><\/div><div class=\"fusion-clearfix\"><\/div><\/div><\/div><\/div><\/div>\n","protected":false},"excerpt":{"rendered":"","protected":false},"author":1,"featured_media":0,"parent":0,"menu_order":0,"comment_status":"closed","ping_status":"closed","template":"","meta":{"footnotes":""},"class_list":["post-1960","page","type-page","status-publish","hentry"],"aioseo_notices":[],"_links":{"self":[{"href":"https:\/\/haus-gero.de\/gero\/wp-json\/wp\/v2\/pages\/1960","targetHints":{"allow":["GET"]}}],"collection":[{"href":"https:\/\/haus-gero.de\/gero\/wp-json\/wp\/v2\/pages"}],"about":[{"href":"https:\/\/haus-gero.de\/gero\/wp-json\/wp\/v2\/types\/page"}],"author":[{"embeddable":true,"href":"https:\/\/haus-gero.de\/gero\/wp-json\/wp\/v2\/users\/1"}],"replies":[{"embeddable":true,"href":"https:\/\/haus-gero.de\/gero\/wp-json\/wp\/v2\/comments?post=1960"}],"version-history":[{"count":25,"href":"https:\/\/haus-gero.de\/gero\/wp-json\/wp\/v2\/pages\/1960\/revisions"}],"predecessor-version":[{"id":2232,"href":"https:\/\/haus-gero.de\/gero\/wp-json\/wp\/v2\/pages\/1960\/revisions\/2232"}],"wp:attachment":[{"href":"https:\/\/haus-gero.de\/gero\/wp-json\/wp\/v2\/media?parent=1960"}],"curies":[{"name":"wp","href":"https:\/\/api.w.org\/{rel}","templated":true}]}}