{"id":2031,"date":"2017-09-11T12:28:25","date_gmt":"2017-09-11T10:28:25","guid":{"rendered":"http:\/\/haus-gero.de\/gero\/?page_id=2031"},"modified":"2025-11-12T13:58:39","modified_gmt":"2025-11-12T12:58:39","slug":"ostwohnung","status":"publish","type":"page","link":"https:\/\/haus-gero.de\/gero\/ostwohnung\/","title":{"rendered":"Ostwohnung"},"content":{"rendered":"<div class=\"fusion-fullwidth fullwidth-box fusion-builder-row-1 nonhundred-percent-fullwidth non-hundred-percent-height-scrolling\" style=\"background-color: rgba(255,255,255,0);background-position: center center;background-repeat: no-repeat;padding-top:0px;padding-right:0px;padding-bottom:0px;padding-left:0px;margin-bottom: 0px;margin-top: 0px;border-width: 0px 0px 0px 0px;border-color:#eae9e9;border-style:solid;\" ><div class=\"fusion-builder-row fusion-row\"><div class=\"fusion-layout-column fusion_builder_column fusion-builder-column-0 fusion_builder_column_1_2 1_2 fusion-one-half fusion-column-first\" style=\"width:50%;width:calc(50% - ( ( 4% ) * 0.5 ) );margin-right: 4%;margin-top:0px;margin-bottom:20px;\"><div class=\"fusion-column-wrapper fusion-flex-column-wrapper-legacy\" style=\"background-position:left top;background-blend-mode: overlay;background-repeat:no-repeat;-webkit-background-size:cover;-moz-background-size:cover;-o-background-size:cover;background-size:cover;padding: 0px 0px 0px 0px;\"><div class=\"fusion-text fusion-text-1\"><h1>Ostwohnung<\/h1>\n<h3>Das Raumwunder<\/h3>\n<p>Klein, aber fein: Auf ca. 39 qm bietet diese helle geschmackvoll eingerichtete Wohnung im ersten Stock jeden Komfort, den man sich f\u00fcr den gelungenen Urlaub w\u00fcnscht.<\/p>\n<p>Wenn Sie die Ostwohnung betreten, finden Sie im Eingangsbereich zu Ihrer Rechten das Schlafzimmer, zu Ihrer Linken die K\u00fcche und das dahinter gelegene Wohnzimmer und gerade aus das Badezimmer.<\/p>\n<p>Das\u00a0Schlafzimmer\u00a0der Wohnung ist mit einem bequemen Doppelbett ausgestattet, das verstellbare Lattenroste enth\u00e4lt. Au\u00dferdem stehen Ihnen zwei Nachtschr\u00e4nkchen mit Leselampen und jeweils einem Wecker zur Verf\u00fcgung. Zudem finden Sie einen ger\u00e4umigen Kleiderschrank mit einem gro\u00dfen Spiegel vor. Das helle Holz der M\u00f6blierung und die Gestaltung des Zimmers wirken dazu zeitlos.<\/p>\n<p>Vom Schlafzimmer k\u00f6nnen Sie auch den\u00a0S\u00fcdbalkon\u00a0der Ostwohnung betreten, der mit Sitzgelegenheit ausgestattet, Ihnen einen Blick auf das Wattenmeer erlaubt.<\/p>\n<p>Die helle\u00a0K\u00fcche\u00a0mit Korkfu\u00dfboden bietet Ihnen alles, was Sie f\u00fcr Ihren Urlaub brauchen. Es steht Ihnen neben einen Mikrowellenofen ein leicht zu bedienendes und s\u00e4uberndes Vierfeld-Ceran-Kochfeld zur Verf\u00fcgung. Eine Edelstahlsp\u00fcle, ein K\u00fchlschrank und eine Dunstabzugshaube sind ebenfalls enthalten. Am Esstisch k\u00f6nnen Sie Ihr Fr\u00fchst\u00fcck und sollten Sie einmal selber kochen auch das Abendessen genie\u00dfen.<\/p>\n<p>Zur Ausstattung geh\u00f6rt neben der Kaffeemaschine auch Wasserkocher, Eierkocher und Mixer, ausreichend Geschirr ist vorhanden.Das Wohnzimmer gleich hinter der K\u00fcche mit dem gro\u00dfen Fenster zur Nordseite bietet auch an hei\u00dfen Tagen einen k\u00fchlen Platz. Die gem\u00fctliche\u00a0Couch\u00a0bietet die M\u00f6glichkeit einmal alle Viere von sich ausstrecken zu k\u00f6nnen. Es steht eine kleine Musikanlage mit Radio, CD- &amp; Kassettendeck in dem\u00a0kleinen Schrank, in dem auch der Fernseher mit Kabelanschluss Platz findet, man muss ja nicht immer eines der vorhandenen B\u00fccher lesen oder die Spielesammlung benutzen.<\/p>\n<p>Das kleine\u00a0Badezimmer\u00a0in der Ostwohnung, ebenfalls im unaufdringlichen und zeitlosen Design, ist ausgestattet mit Dusche, WC, Waschbecken, Spiegelschrank und F\u00f6n. Zudem stellen wir Ihnen Badem\u00e4ntel zur Verf\u00fcgung. Die Handt\u00fccher mit Badetuch werden regelm\u00e4\u00dfig kostenlos gewechselt.<\/p>\n<\/div><div class=\"fusion-clearfix\"><\/div><\/div><\/div><div class=\"fusion-layout-column fusion_builder_column fusion-builder-column-1 fusion_builder_column_1_2 1_2 fusion-one-half fusion-column-last\" style=\"width:50%;width:calc(50% - ( ( 4% ) * 0.5 ) );margin-top:0px;margin-bottom:20px;\"><div class=\"fusion-column-wrapper fusion-flex-column-wrapper-legacy\" style=\"background-position:left top;background-blend-mode: overlay;background-repeat:no-repeat;-webkit-background-size:cover;-moz-background-size:cover;-o-background-size:cover;background-size:cover;padding: 0px 0px 0px 0px;\"><div class=\"fusion-sep-clear\"><\/div><div class=\"fusion-separator fusion-full-width-sep\" style=\"margin-left: auto;margin-right: auto;margin-top:50px;margin-bottom:50px;width:100%;\"><\/div><div class=\"fusion-sep-clear\"><\/div><style type='text\/css'>\n\t\t\t\t.pricing-table-1 .panel-container, .pricing-table-1 .standout .panel-container,\n\t\t\t\t.pricing-table-1.full-boxed-pricing {background-color:#f8f8f8;}\n\t\t\t\t.pricing-table-1 .list-group .list-group-item,\n\t\t\t\t.pricing-table-1 .list-group .list-group-item:last-child{background-color:#ffffff; border-color:#ededed;}\n\t\t\t\t.pricing-table-1.full-boxed-pricing .panel-wrapper:hover .panel-heading,\n\t\t\t\t.pricing-table-1 .panel-wrapper:hover .list-group-item {background-color:#f8f8f8;}\n\t\t\t\t.pricing-table-1.full-boxed-pricing .panel-heading{background-color:#ffffff;}\n\t\t\t\t.pricing-table-1 .fusion-panel, .pricing-table-1 .panel-wrapper:last-child .fusion-panel,\n\t\t\t\t.pricing-table-1 .standout .fusion-panel, .pricing-table-1  .panel-heading,\n\t\t\t\t.pricing-table-1 .panel-body, .pricing-table-1 .panel-footer{border-color:#ededed;}\n\t\t\t\t.pricing-table-1 .panel-body,.pricing-table-1 .panel-footer{background-color:#f8f8f8;}\n\t\t\t\t.pricing-table-1.sep-boxed-pricing .panel-heading h3{color:#333333;}\n\t\t\t\t.pricing-table-1.full-boxed-pricing.fusion-pricing-table .panel-heading h3{color:#333333;}\n\t\t\t\t.pricing-table-1.fusion-pricing-table .panel-body .price .decimal-part{color:#c4a362;}\n\t\t\t\t.pricing-table-1.fusion-pricing-table .panel-body .price .integer-part{color:#c4a362;}\n\t\t\t\t.pricing-table-1 ul.list-group li{color:#747474;}\n\t\t\t\t<\/style><div class=\"fusion-pricing-table pricing-table-1 sep-boxed-pricing row fusion-columns-2 columns-2 fusion-clearfix\"><div class=\"panel-wrapper fusion-column column col-lg-6 col-md-6 col-sm-6 fusion-pricingtable-column\"><div class=\"panel-container\"><div class=\"fusion-panel\"><div class=\"panel-heading\"><h3 class=\"title-row\">Nebensaison<\/h3><\/div><div class=\"panel-body pricing-row\"><div class=\"price price-with-decimal\"><span class=\"currency\">\u20ac<\/span><span class=\"integer-part\">74<\/span><sup class=\"decimal-part\">00<\/sup><span class=\"time\">Nacht<\/span><\/div><\/div><\/ul><div class=\"panel-footer footer-row\">vom 01.05. &#8211; 14.06.<br \/>\nvom 11.09. &#8211; 15.10.<\/div><\/div><\/div><\/div><div class=\"panel-wrapper fusion-column column col-lg-6 col-md-6 col-sm-6 fusion-pricingtable-column\"><div class=\"panel-container\"><div class=\"fusion-panel\"><div class=\"panel-heading\"><h3 class=\"title-row\">Hauptsaison<\/h3><\/div><div class=\"panel-body pricing-row\"><div class=\"price price-with-decimal\"><span class=\"currency\">\u20ac<\/span><span class=\"integer-part\">90<\/span><sup class=\"decimal-part\">00<\/sup><span class=\"time\">Nacht<\/span><\/div><\/div><\/ul><div class=\"panel-footer footer-row\">vom 15.06. &#8211; 10.09.<\/div><\/div><\/div><\/div><\/div><div class=\"imageframe-align-center\"><style>.fusion-image-frame-bottomshadow.image-frame-shadow-1{display:inline-block}.element-bottomshadow.imageframe-1:before, .element-bottomshadow.imageframe-1:after{-webkit-box-shadow: 0 17px 10px rgba(0,0,0,0.4);box-shadow: 0 17px 10px rgba(0,0,0,0.4);}<\/style><div class=\"awb-image-frame awb-image-frame-1 fusion-image-frame-bottomshadow image-frame-shadow-1\"><span class=\" fusion-imageframe imageframe-bottomshadow imageframe-1 element-bottomshadow hover-type-none\"><img decoding=\"async\" width=\"600\" height=\"843\" title=\"grundriss_ostwohnung_org\" src=\"https:\/\/haus-gero.de\/gero\/wp-content\/uploads\/2017\/09\/grundriss_ostwohnung_org.jpg\" alt class=\"img-responsive wp-image-2034\" srcset=\"https:\/\/haus-gero.de\/gero\/wp-content\/uploads\/2017\/09\/grundriss_ostwohnung_org-200x281.jpg 200w, https:\/\/haus-gero.de\/gero\/wp-content\/uploads\/2017\/09\/grundriss_ostwohnung_org-400x562.jpg 400w, https:\/\/haus-gero.de\/gero\/wp-content\/uploads\/2017\/09\/grundriss_ostwohnung_org.jpg 600w\" sizes=\"(max-width: 800px) 100vw, 600px\" \/><\/span><\/div><\/div><div class=\"fusion-clearfix\"><\/div><\/div><\/div><\/div><\/div>\n","protected":false},"excerpt":{"rendered":"","protected":false},"author":1,"featured_media":0,"parent":0,"menu_order":0,"comment_status":"closed","ping_status":"closed","template":"100-width.php","meta":{"footnotes":""},"class_list":["post-2031","page","type-page","status-publish","hentry"],"aioseo_notices":[],"_links":{"self":[{"href":"https:\/\/haus-gero.de\/gero\/wp-json\/wp\/v2\/pages\/2031","targetHints":{"allow":["GET"]}}],"collection":[{"href":"https:\/\/haus-gero.de\/gero\/wp-json\/wp\/v2\/pages"}],"about":[{"href":"https:\/\/haus-gero.de\/gero\/wp-json\/wp\/v2\/types\/page"}],"author":[{"embeddable":true,"href":"https:\/\/haus-gero.de\/gero\/wp-json\/wp\/v2\/users\/1"}],"replies":[{"embeddable":true,"href":"https:\/\/haus-gero.de\/gero\/wp-json\/wp\/v2\/comments?post=2031"}],"version-history":[{"count":15,"href":"https:\/\/haus-gero.de\/gero\/wp-json\/wp\/v2\/pages\/2031\/revisions"}],"predecessor-version":[{"id":2233,"href":"https:\/\/haus-gero.de\/gero\/wp-json\/wp\/v2\/pages\/2031\/revisions\/2233"}],"wp:attachment":[{"href":"https:\/\/haus-gero.de\/gero\/wp-json\/wp\/v2\/media?parent=2031"}],"curies":[{"name":"wp","href":"https:\/\/api.w.org\/{rel}","templated":true}]}}