{"id":2032,"date":"2017-09-11T14:51:42","date_gmt":"2017-09-11T12:51:42","guid":{"rendered":"http:\/\/haus-gero.de\/gero\/?page_id=2032"},"modified":"2025-11-12T14:01:35","modified_gmt":"2025-11-12T13:01:35","slug":"oles-huuk","status":"publish","type":"page","link":"https:\/\/haus-gero.de\/gero\/oles-huuk\/","title":{"rendered":"Ole\u00b4s Huk"},"content":{"rendered":"<div class=\"fusion-fullwidth fullwidth-box fusion-builder-row-1 nonhundred-percent-fullwidth non-hundred-percent-height-scrolling\" style=\"background-color: rgba(255,255,255,0);background-position: center center;background-repeat: no-repeat;padding-top:0px;padding-right:0px;padding-bottom:0px;padding-left:0px;margin-bottom: 0px;margin-top: 0px;border-width: 0px 0px 0px 0px;border-color:#eae9e9;border-style:solid;\" ><div class=\"fusion-builder-row fusion-row\"><div class=\"fusion-layout-column fusion_builder_column fusion-builder-column-0 fusion_builder_column_1_2 1_2 fusion-one-half fusion-column-first\" style=\"width:50%;width:calc(50% - ( ( 4% ) * 0.5 ) );margin-right: 4%;margin-top:0px;margin-bottom:20px;\"><div class=\"fusion-column-wrapper fusion-flex-column-wrapper-legacy\" style=\"background-position:left top;background-blend-mode: overlay;background-repeat:no-repeat;-webkit-background-size:cover;-moz-background-size:cover;-o-background-size:cover;background-size:cover;padding: 0px 0px 0px 0px;\"><div class=\"fusion-text fusion-text-1\"><h1><b>Ole\u00b4s Huk<\/b><\/h1>\n<h3><b>So ger\u00e4umig wohnen wie Zuhause<\/b><\/h3>\n<p><span style=\"font-weight: 400;\">Unsere gr\u00f6\u00dfte Wohnung bietet viel Platz zum Erholen und Genie\u00dfen.\u00a0<\/span><\/p>\n<p><span style=\"font-weight: 400;\">Hier f\u00fchlt man sich nicht nur wie Zuhause, man hat auch so viel Platz wie daheim:<\/span><\/p>\n<p><span style=\"font-weight: 400;\">Auf 90 qm und zwei Etagen bietet diese helle und geschmackvoll eingerichtete Wohnung alles was das Urlauberherz h\u00f6her schlagen l\u00e4sst.<\/span><\/p>\n<p><span style=\"font-weight: 400;\">Wenn Sie \u201eOle\u00b4s Huuk\u201c betreten, f\u00e4llt zuerst die sch\u00f6n geschwungene <\/span><b>Holztreppe<\/b><span style=\"font-weight: 400;\"> ins Auge. F\u00fcr Jacken befindet sich hinter der Treppe eine Garderobe.<\/span><\/p>\n<p><span style=\"font-weight: 400;\">Auf der linken Seite finden Sie die helle <\/span><b>K\u00fcche<\/b><span style=\"font-weight: 400;\">, die Ihnen alles bietet was Sie f\u00fcr einen gelungenen Urlaub ben\u00f6tigen. Neben einem leicht zu s\u00e4ubernden Ceran-Kochherd mit\u00a0 Dunstabzugshaube gibt es einen Backofen in Sichth\u00f6he. Es steht eine Edelstahlsp\u00fcle, K\u00fchlschrank, Geschirrsp\u00fcler, K\u00fcchenradio, Wasserkocher und eine Kaffeemaschine zur Verf\u00fcgung. Ausreichend Geschirr, Eierkocher und Mixer sind auch vorhanden. Am <\/span><b>Esstisch<\/b><span style=\"font-weight: 400;\"> k\u00f6nnen Sie gem\u00fctlich fr\u00fchst\u00fccken, oder ein leckeres Abendessen genie\u00dfen, wenn Sie selber kochen m\u00f6chten.<\/span><\/p>\n<p><span style=\"font-weight: 400;\">Geradeaus, <\/span><span style=\"font-weight: 400;\">gleich<\/span><span style=\"font-weight: 400;\"> hinter der K\u00fcche liegt das komfortable\u00a0<\/span><b>Wohnzimmer<\/b><span style=\"font-weight: 400;\">. Auch an hei\u00dfen Tagen bietet sich hier ein angenehm k\u00fchler Platz. Nach einem ereignisreichen Inseltag l\u00e4dt die bequeme Couch zu gem\u00fctlichen Fernsehabenden vor dem gro\u00dfen Flatscreen-TV mit Kabelfernsehen ein. Eine Musikanlage, Spiele und eine Auswahl an B\u00fcchern vervollst\u00e4ndigen das Wohlf\u00fchlpaket. Eine <\/span><b>Vierer-Sitzgruppe<\/b><span style=\"font-weight: 400;\"> ist auch hier vorhanden. Vom Wohnzimmer aus k\u00f6nnen Sie auch die windgesch\u00fctzte <\/span><b>S\u00fcd-Terrasse<\/b><span style=\"font-weight: 400;\"> mit Sitzgelegenheiten und einem sch\u00f6nen Strandkorb betreten.<\/span><\/p>\n<p><span style=\"font-weight: 400;\">Im Erdgeschoss befindet sich au\u00dferdem noch ein G\u00e4ste-WC und ein Abstellraum mit Waschmaschine und Trockner.\u00a0<\/span><\/p>\n<p><span style=\"font-weight: 400;\">Im oberen Geschoss befinden sich die Schlafzimmer. Hier k\u00f6nnen Sie sich vom Wellenrauschen in den Schlaf wiegen lassen. Das gro\u00dfe <\/span><b>Schlafzimmer<\/b><span style=\"font-weight: 400;\"> mit Teppichboden bietet ein bequemes Doppelbett mit verstellbaren Lattenrosten. Daneben finden Sie jeweils Nachtschr\u00e4nkchen mit Leselampen und Weckern. Im zweiten <\/span><b>Schlafzimmer<\/b><span style=\"font-weight: 400;\"> ist ein Einzelbett und ebenfalls ein Nachtschr\u00e4nkchen mit Leselampe zu finden.<\/span><\/p>\n<p><span style=\"font-weight: 400;\">Zwischen den beiden Schlafzimmern liegt das <\/span><b>Badezimmer<\/b><span style=\"font-weight: 400;\">, in modernem aber zeitlosen Design gehalten. Ausgestattet ist es mit Dusche, WC, Waschbecken, Spiegelschrank und F\u00f6n. Neben Badem\u00e4nteln stellen wir Ihnen Handt\u00fccher und Badet\u00fccher zur Verf\u00fcgung, die regelm\u00e4\u00dfig kostenlos gewechselt werden.<\/span><\/p>\n<\/div><div class=\"fusion-clearfix\"><\/div><\/div><\/div><div class=\"fusion-layout-column fusion_builder_column fusion-builder-column-1 fusion_builder_column_1_2 1_2 fusion-one-half fusion-column-last\" style=\"width:50%;width:calc(50% - ( ( 4% ) * 0.5 ) );margin-top:0px;margin-bottom:20px;\"><div class=\"fusion-column-wrapper fusion-flex-column-wrapper-legacy\" style=\"background-position:left top;background-blend-mode: overlay;background-repeat:no-repeat;-webkit-background-size:cover;-moz-background-size:cover;-o-background-size:cover;background-size:cover;padding: 0px 0px 0px 0px;\"><div class=\"fusion-sep-clear\"><\/div><div class=\"fusion-separator fusion-full-width-sep\" style=\"margin-left: auto;margin-right: auto;margin-top:50px;width:100%;\"><\/div><div class=\"fusion-sep-clear\"><\/div><style type='text\/css'>\n\t\t\t\t.pricing-table-1 .panel-container, .pricing-table-1 .standout .panel-container,\n\t\t\t\t.pricing-table-1.full-boxed-pricing {background-color:#f8f8f8;}\n\t\t\t\t.pricing-table-1 .list-group .list-group-item,\n\t\t\t\t.pricing-table-1 .list-group .list-group-item:last-child{background-color:#ffffff; border-color:#ededed;}\n\t\t\t\t.pricing-table-1.full-boxed-pricing .panel-wrapper:hover .panel-heading,\n\t\t\t\t.pricing-table-1 .panel-wrapper:hover .list-group-item {background-color:#f8f8f8;}\n\t\t\t\t.pricing-table-1.full-boxed-pricing .panel-heading{background-color:#ffffff;}\n\t\t\t\t.pricing-table-1 .fusion-panel, .pricing-table-1 .panel-wrapper:last-child .fusion-panel,\n\t\t\t\t.pricing-table-1 .standout .fusion-panel, .pricing-table-1  .panel-heading,\n\t\t\t\t.pricing-table-1 .panel-body, .pricing-table-1 .panel-footer{border-color:#ededed;}\n\t\t\t\t.pricing-table-1 .panel-body,.pricing-table-1 .panel-footer{background-color:#f8f8f8;}\n\t\t\t\t.pricing-table-1.sep-boxed-pricing .panel-heading h3{color:#333333;}\n\t\t\t\t.pricing-table-1.full-boxed-pricing.fusion-pricing-table .panel-heading h3{color:#333333;}\n\t\t\t\t.pricing-table-1.fusion-pricing-table .panel-body .price .decimal-part{color:#c4a362;}\n\t\t\t\t.pricing-table-1.fusion-pricing-table .panel-body .price .integer-part{color:#c4a362;}\n\t\t\t\t.pricing-table-1 ul.list-group li{color:#747474;}\n\t\t\t\t<\/style><div class=\"fusion-pricing-table pricing-table-1 sep-boxed-pricing row fusion-columns-2 columns-2 fusion-clearfix\"><div class=\"panel-wrapper fusion-column column col-lg-6 col-md-6 col-sm-6 fusion-pricingtable-column\"><div class=\"panel-container\"><div class=\"fusion-panel\"><div class=\"panel-heading\"><h3 class=\"title-row\">Nebensaison<\/h3><\/div><div class=\"panel-body pricing-row\"><div class=\"price price-with-decimal\"><span class=\"currency\">\u20ac<\/span><span class=\"integer-part\">150<\/span><sup class=\"decimal-part\">00<\/sup><span class=\"time\">Nacht<\/span><\/div><\/div><ul class=\"list-group\"><li class=\"list-group-item normal-row\">f\u00fcr 1-2 Personen 100 EUR\/Nacht<\/li><\/ul><div class=\"panel-footer footer-row\">vom 01.05. &#8211; 14.06.<br \/>\nvom 11.09. &#8211; 15.10.<\/div><\/div><\/div><\/div><div class=\"panel-wrapper fusion-column column col-lg-6 col-md-6 col-sm-6 fusion-pricingtable-column\"><div class=\"panel-container\"><div class=\"fusion-panel\"><div class=\"panel-heading\"><h3 class=\"title-row\">Hauptsaison<\/h3><\/div><div class=\"panel-body pricing-row\"><div class=\"price price-with-decimal\"><span class=\"currency\">\u20ac<\/span><span class=\"integer-part\">180<\/span><sup class=\"decimal-part\">00<\/sup><span class=\"time\">Nacht<\/span><\/div><\/div><ul class=\"list-group\"><li class=\"list-group-item normal-row\">f\u00fcr 2-3 Personen<\/li><\/ul><div class=\"panel-footer footer-row\">vom 15.06. &#8211; 10.09.<\/div><\/div><\/div><\/div><\/div><a class=\"awb-lightbox awb-lightbox-1\" data-caption=\"Treppe Oles Huk\"><img decoding=\"async\" src=\"https:\/\/haus-gero.de\/gero\/wp-content\/uploads\/2017\/09\/Treppe_Oles_Huk-768x1024.png\" alt=\"Treppe OlesHuk\"><\/a><a class=\"awb-lightbox awb-lightbox-2\" href=\"https:\/\/haus-gero.de\/gero\/wp-content\/uploads\/2017\/09\/oleshuuk-1-790x1024.jpg\" data-caption=\"Grundriss Oles Huuk\" data-rel=\"iLightbox\"><img decoding=\"async\" src=\"https:\/\/haus-gero.de\/gero\/wp-content\/uploads\/2017\/09\/oleshuuk_klein.jpg\" alt=\"Grundriss OlesHuuk\"><\/a><div class=\"fusion-clearfix\"><\/div><\/div><\/div><\/div><\/div>\n","protected":false},"excerpt":{"rendered":"","protected":false},"author":1,"featured_media":0,"parent":0,"menu_order":0,"comment_status":"closed","ping_status":"closed","template":"100-width.php","meta":{"footnotes":""},"class_list":["post-2032","page","type-page","status-publish","hentry"],"aioseo_notices":[],"_links":{"self":[{"href":"https:\/\/haus-gero.de\/gero\/wp-json\/wp\/v2\/pages\/2032","targetHints":{"allow":["GET"]}}],"collection":[{"href":"https:\/\/haus-gero.de\/gero\/wp-json\/wp\/v2\/pages"}],"about":[{"href":"https:\/\/haus-gero.de\/gero\/wp-json\/wp\/v2\/types\/page"}],"author":[{"embeddable":true,"href":"https:\/\/haus-gero.de\/gero\/wp-json\/wp\/v2\/users\/1"}],"replies":[{"embeddable":true,"href":"https:\/\/haus-gero.de\/gero\/wp-json\/wp\/v2\/comments?post=2032"}],"version-history":[{"count":19,"href":"https:\/\/haus-gero.de\/gero\/wp-json\/wp\/v2\/pages\/2032\/revisions"}],"predecessor-version":[{"id":2234,"href":"https:\/\/haus-gero.de\/gero\/wp-json\/wp\/v2\/pages\/2032\/revisions\/2234"}],"wp:attachment":[{"href":"https:\/\/haus-gero.de\/gero\/wp-json\/wp\/v2\/media?parent=2032"}],"curies":[{"name":"wp","href":"https:\/\/api.w.org\/{rel}","templated":true}]}}