{"id":2165,"date":"2018-05-22T12:07:14","date_gmt":"2018-05-22T10:07:14","guid":{"rendered":"http:\/\/haus-gero.de\/gero\/?page_id=2165"},"modified":"2018-05-22T12:09:01","modified_gmt":"2018-05-22T10:09:01","slug":"datenschutz","status":"publish","type":"page","link":"https:\/\/haus-gero.de\/gero\/datenschutz\/","title":{"rendered":"Datenschutz"},"content":{"rendered":"<p><strong>1. Verantwortlich f\u00fcr die Datenverarbeitung<\/strong><br \/>\nVerantwortlich f\u00fcr die Verarbeitung personenbezogener Daten im Rahmen dieses Webauftritts gem\u00e4\u00df den Vorschriften der Datenschutzgrundverordnung (DSGVO) ist:<\/p>\n<p class=\"address\">R. u. S. Meyenburg<br \/>\nD\u00fcnenstrasse 29a<br \/>\nPhone: 049351741<br \/>\nEmail:\u00a0<a href=\"mailto:info@haus-gero.de\">info@haus-gero.de<\/a><\/p>\n<p class=\"web\">Web:\u00a0<a href=\"http:\/\/haus-gero.de\/\">Haus Gero<\/a><\/p>\n<p>Mit dieser Datenschutzerkl\u00e4rung informieren wir Sie \u00fcber den Umfang der Verarbeitung Ihrer personenbezogenen Daten (nachfolgend nur noch \u201eDaten\u201c).<\/p>\n<p><strong>2. Datenverarbeitung<\/strong><br \/>\nIm Rahmen des Betriebs unserer Webseite verarbeiten wir Daten. Die Verarbeitung der Daten umfasst auch die Offenlegung durch \u00dcbermittlung.<\/p>\n<p>F\u00fcr Daten\u00fcbermittlungen in die USA existiert ein Angemessenheitsbeschluss der EU-Kommission, das EU-US Privacy Shield. In diesem hat die Kommission bescheinigt, dass die Garantien f\u00fcr die \u00dcbermittlung von Daten in die USA auf der Grundlage des EU-US Privacy Shield den Datenschutzstandards in der EU entsprechen. Soweit wir Daten in die USA \u00fcbermitteln, haben wir die Teilnahme unserer Dienstleister am EU-US Privacy Shield gekennzeichnet.<\/p>\n<p>Die im Einzelnen betroffenen Daten, Verarbeitungszwecke, Rechtsgrundlagen, Empf\u00e4nger und \u00dcbermittlungen in Drittstaaten sind in der nachfolgenden Aufstellung aufgef\u00fchrt:<\/p>\n<p><strong>a. Logdatei<\/strong><br \/>\nWir protokollieren Ihren Besuch auf unseren Webseiten. Dabei werden die folgenden Daten verarbeitet: Name der jeweils abgerufenen Webseite, Datum und Uhrzeit des Abrufs, die \u00fcbertragene Datenmenge, der Browsertyp nebst Version, das von Ihnen genutzte Betriebssystem, die Referrer-URL (die zuvor besuchte Webseite), Ihre IP-Adresse und der anfragende Provider. Dies ist notwendig, um die Sicherheit der Webseite zu gew\u00e4hrleisten. Die Daten verarbeiten wir entsprechend auf der Grundlage unserer berechtigten Interessen gem\u00e4\u00df Art. 6 Abs. 1 f) DSGVO. Die Logdatei wird nach Ablauf von sieben Tagen gel\u00f6scht, es sei denn, dass diese zur Aufkl\u00e4rung oder zum Nachweis konkreter Rechtsverletzungen, die innerhalb der Aufbewahrungsfrist bekannt geworden sind, ben\u00f6tigt wird.<\/p>\n<p><strong>b. Hosting<\/strong><br \/>\nIm Rahmen des Hostings werden s\u00e4mtliche im Zusammenhang mit dem Betrieb dieser Website zu verarbeitenden Daten gespeichert. Dies ist notwendig, um den Betrieb der Webseite zu erm\u00f6glichen. Die Daten verarbeiten wir entsprechend auf der Grundlage unserer berechtigten Interessen gem\u00e4\u00df Art. 6 Abs. 1 f) DSGVO. Zur Bereitstellung unseres Onlineauftritts nutzen wir Dienste von Webhosting-Anbietern, denen wir die oben genannten Daten \u00fcbermitteln.<\/p>\n<p><strong>c. Kontaktaufnahme<\/strong><br \/>\nSofern Sie mit uns Kontakt aufnehmen, werden Ihre Daten (Name, Kontaktdaten, sofern von Ihnen angegeben) und Ihre Nachricht ausschlie\u00dflich zum Zwecke der Bearbeitung und Abwicklung Ihrer Anfrage verarbeitet. Diese Daten werden von uns auf der Grundlage des Art. 6 Abs. 1 b) DSGVO oder des Art. 6 Abs. 1 f) DSGVO zur Abwicklung Ihrer Anfrage verarbeitet.<\/p>\n<p><strong>d. Newsletter<\/strong><\/p>\n<p>wird nicht versandt<\/p>\n<p><strong>e. Webseitenanalyse und Marketing<\/strong><br \/>\nUm die Nutzung bestimmter Funktionen zu erm\u00f6glichen verwenden wir sogenannte Cookies. Hierbei handelt es sich um kurze Datenpakete, die auf Ihrem Endger\u00e4t gespeichert und mit anderen Anbietern ausgetauscht werden. Einige der von uns verwendeten Cookies werden nach dem Schlie\u00dfen Ihres Browsers unmittelbar gel\u00f6scht (sog. Sitzungs-Cookies). Andere Cookies verbleiben auf Ihrem Endger\u00e4t und erm\u00f6glichen es, Ihren Browser beim n\u00e4chsten Besuch wiederzuerkennen (persistente Cookies).<\/p>\n<p>Sie k\u00f6nnen alle auf Ihrem Endger\u00e4t gespeicherten Cookies l\u00f6schen und die g\u00e4ngigen Browser so einstellen, dass das Speichern von Cookies verhindert wird.<\/p>\n<p>In diesem Falle m\u00fcssen Sie m\u00f6glicherweise einige Einstellungen bei jedem Besuch dieser Webseite erneut vornehmen und die Beeintr\u00e4chtigung mancher Funktionen in Kauf nehmen.<\/p>\n<p>Wir verwenden Cookies im Zusammenhang mit den nachfolgenden Funktionalit\u00e4ten:<\/p>\n<p><strong>Google Analytics<\/strong><br \/>\nWir verwenden Google Analytics einen Dienst der Google LLC 1600 Amphitheatre Parkway Mountain View, CA 94043 USA. Google setzt hierbei bestimmte Cookies ein. Die durch das Cookie erzeugten Informationen \u00fcber Ihre Benutzung dieser Website (einschlie\u00dflich Ihrer IP-Adresse), werden an einen Server von Google in den USA \u00fcbertragen und dort gespeichert. Wir verwenden die gespeicherten Informationen, um Ihre Nutzung der Website auszuwerten, um Reports \u00fcber die Websiteaktivit\u00e4ten f\u00fcr die Websitebetreiber zusammenzustellen und um weitere mit der Websitenutzung verbundene Dienstleistungen zu erbringen. Die so erhaltenen Daten verarbeiten wir aufgrund unseres \u00fcberwiegenden Interesses an der optimalen Vermarktung unseres Onlineangebotes nach Art.6 Abs. 1 f) DSGVO. Google wird in keinem Fall Ihre IP-Adresse mit anderen Daten von Google in Verbindung bringen.<\/p>\n<p>Wir weisen darauf hin, dass diese Website Google Analytics mit der Erweiterung \u201eanonymizeIp()\u201c verwendet. Dadurch werden IP-Adressen vor der \u00dcbertragung an einen Server in den USA gek\u00fcrzt. Ein direkter Personenbezug im Zusammenhang mit den gespeicherten Daten ist damit in der Regel ausgeschlossen. Nur in Ausnahmef\u00e4llen wird die volle IP-Adresse an einen Server in den USA \u00fcbertragen und dort gek\u00fcrzt.<\/p>\n<p>Sie k\u00f6nnen der Datenerhebung jederzeit mit Wirkung f\u00fcr die Zukunft widersprechen, indem Sie das Deaktivierungs-Add-on f\u00fcr Browser von Google Analytics unter<\/p>\n<p>http:\/\/tools.google.com\/dlpage\/gaoptout?hl=de verwenden.<\/p>\n<p>Google ist zertifiziert unter:<\/p>\n<p>https:\/\/www.privacyshield.gov\/participant?id=a2zt000000001L5AAI&#038;status=Active<\/p>\n<p>Bitte beachten Sie erg\u00e4nzend die Hinweise zur Verwendung von Daten von Google im Google-Partner-Netzwerk unter:<\/p>\n<p>http:\/\/www.google.com\/intl\/de\/policies\/privacy\/partners\/<\/p>\n<p>Weitere Informationen zum Datenschutz finden Sie unter: https:\/\/policies.google.com\/privacy?hl=de&amp;gl=de<\/p>\n<p><strong>h. Einbindung von externem Content<\/strong><br \/>\nWir verwenden externen dynamischen Content, um die Darstellung und das Angebot unserer Webseite zu optimieren. Beim Besuch der Webseite wird automatisch mittels API eine Anfrage an den Server des jeweiligen Content Providers gestellt, bei der bestimmte Logdaten (z.B. die IP-Adresse der Nutzer) \u00fcbermittelt werden. Der dynamische Content wird anschlie\u00dfend an unsere Website \u00fcbermittelt und dort dargestellt.<\/p>\n<p>Wir verwenden externen Content im Zusammenhang mit den nachfolgenden Funktionalit\u00e4ten:<\/p>\n<p><strong>Einbindung von Youtube<\/strong><br \/>\nWir haben auf unserer Website Videos des Portals YouTube der YouTube LLC, 901 Cherry Ave. San Bruno, CA 94066, USA (\u201eYouTube\u201c) eingebunden. Beim Abspielen der Videos werden Logdaten an die Server von YouTube in den USA \u00fcbertragen. Diese Verarbeitung erfolgt aufgrund unseres \u00fcberwiegenden berechtigten Interesses an einer optimalen Vermarktung unseres Angebotes nach Art. 6 Abs. 1 f) DSGVO.<\/p>\n<p>YouTube ist zertifiziert unter: https:\/\/www.privacyshield.gov\/participant?id=a2zt000000001L5AAI&amp;status=Active<\/p>\n<p>Weiterf\u00fchrende Informationen unter: https:\/\/policies.google.com\/privacy?hl=de&amp;gl=de<\/p>\n<p><strong>Google Maps<\/strong><br \/>\nWir nutzen auf unserer Webseite den Kartendienst \u201eGoogle Maps\u201c von Google, um Ihnen eine interaktive Karte zur Verf\u00fcgung zu stellen. Bei der Darstellung der Karte werden Daten, inklusive Ihrer IP-Adresse und Ihres Standortes an Server von Google in den USA \u00fcbertragen und dort gespeichert. Diese Verarbeitung erfolgt aufgrund unseres \u00fcberwiegenden berechtigten Interesses an einer optimalen Vermarktung unseres Angebotes nach Art. 6 Abs. 1 f) DSGVO.<\/p>\n<p>Google ist zertifiziert unter:<\/p>\n<p>https:\/\/www.privacyshield.gov\/participant?id=a2zt000000001L5AAI&#038;status=Active<\/p>\n<p>Weitere Informationen zum Datenschutz finden Sie unter: https:\/\/policies.google.com\/privacy?hl=de&amp;gl=de<\/p>\n<p><strong>Google Fonts<\/strong><br \/>\nUm den Besuch unserer Website attraktiv zu gestalten benutzen wir externe Schriften von Google-Fonts. Diese werden bei Besuch der Seite von Servern der Google Inc., 1600 Amphitheatre Parkway, Mountain View, CA 94043, USA (\u201cGoogle\u201d) geladen. Google speichert dabei keine Cookies in Ihrem Browser. Nach unseren Informationen wird jedoch die IP-Adresse des Endger\u00e4tes des Nutzers an Google \u00fcbertragen und gespeichert. Diese Verarbeitung erfolgt aufgrund unseres \u00fcberwiegenden berechtigten Interesses an einer optimalen Vermarktung unseres Angebotes nach Art. 6 Abs. 1 f) DSGVO.<\/p>\n<p>Google ist zertifiziert unter:<\/p>\n<p>https:\/\/www.privacyshield.gov\/participant?id=a2zt000000001L5AAI&#038;status=Active<\/p>\n<p>Weitere Informationen zum Datenschutz finden Sie unter: https:\/\/policies.google.com\/privacy?hl=de&amp;gl=de<\/p>\n<p><strong>3. Dauer der Datenspeicherung<\/strong><br \/>\nWir speichern personenbezogene Daten nur so lange, wie es f\u00fcr die Zwecke, f\u00fcr die sie verarbeitet werden, erforderlich ist oder eine von Ihnen erteilte Einwilligung von Ihnen widerrufen wurde. Soweit gesetzliche Aufbewahrungspflichten zu beachten sind, kann die Speicherdauer zu bestimmten Daten ungeachtet der Verarbeitungszwecke bis zu 10 Jahre betragen.<\/p>\n<p><strong>4. Ihre Betroffenenrechte<\/strong><br \/>\n<strong>a. Auskunft<\/strong><br \/>\nAuf Wunsch erhalten Sie jederzeit unentgeltlich Auskunft \u00fcber alle personenbezogenen Daten, die wir \u00fcber Sie gespeichert haben.<\/p>\n<p><strong>b. Berichtigung, L\u00f6schung, Einschr\u00e4nkung der Verarbeitung (Sperrung), Widerspruch<\/strong><br \/>\nSollten Sie mit der Speicherung Ihrer personenbezogenen Daten nicht mehr einverstanden oder sollten diese unrichtig geworden sein, werden wir auf eine entsprechende Weisung hin die L\u00f6schung oder Sperrung Ihrer Daten veranlassen oder die notwendigen Korrekturen vornehmen (soweit dies nach dem geltenden Recht m\u00f6glich ist). Gleiches gilt, sofern wir Daten k\u00fcnftig nur noch einschr\u00e4nkend verarbeiten sollen.<\/p>\n<p><strong>c. Daten\u00fcbertragbarkeit<\/strong><br \/>\nAuf Antrag stellen wir Ihnen Ihre Daten in einem g\u00e4ngigen, strukturierten und maschinenlesbaren Format bereit, so dass Sie die Daten auf Wunsch einem anderen Verantwortlichen \u00fcbermitteln k\u00f6nnen.<\/p>\n<p><strong>d. Beschwerderecht<\/strong><br \/>\nEs besteht ein Beschwerderecht bei der zust\u00e4ndigen Aufsichtsbeh\u00f6rde:<\/p>\n<p>(https:\/\/www.bfdi.bund.de\/DE\/Infothek\/Anschriften_Links\/anschriften_links-node.html).<\/p>\n<p><strong>e. Widerrufsrecht bei Einwilligungen mit Wirkung f\u00fcr die Zukunft<\/strong><br \/>\nErteilte Einwilligungen k\u00f6nnen Sie mit Wirkung f\u00fcr die Zukunft jederzeit widerrufen. Durch Ihren Widerruf wird die Rechtm\u00e4\u00dfigkeit der Verarbeitung bis zum Zeitpunkt des Widerrufs nicht ber\u00fchrt.<\/p>\n<p><strong>f. Einschr\u00e4nkungen<\/strong><br \/>\nDaten, bei denen wir nicht in der Lage sind die betroffene Person zu identifizieren, bspw. wenn diese zu Analysezwecken anonymisiert wurden, sind nicht von den vorstehenden Rechten umfasst. Auskunft, L\u00f6schung, Sperrung, Korrektur oder \u00dcbertragung an ein anderes Unternehmen sind in Bezug auf diese Daten ggf. m\u00f6glich, wenn Sie uns zus\u00e4tzliche Informationen, die uns eine Identifizierung erlauben, bereitstellen.<\/p>\n<p><strong>g. Aus\u00fcbung Ihrer Betroffenenrechte<\/strong><br \/>\nBei Fragen zur Verarbeitung Ihrer personenbezogenen Daten, bei Ausk\u00fcnften, Berichtigung, Sperrung, Widerspruch oder L\u00f6schung von Daten oder dem Wunsch der \u00dcbertragung der Daten an ein anderes Unternehmen, wenden Sie sich bitte an info@haus-gero.de<\/p>\n<p><strong>5. Datensicherheit<\/strong><br \/>\nUm die Sicherheit der an uns \u00fcbermittelten Daten zu gew\u00e4hrleisten, nutzen wir eine TLS-256 bit-Verschl\u00fcsselung. Sie erkennen derart verschl\u00fcsselte Verbindungen an dem Pr\u00e4fix \u201chttps:\/\/\u201c im Seitenlink in der Adresszeile Ihres Browsers. Unverschl\u00fcsselte Seite sind durch \u201ehttp:\/\/\u201c gekennzeichnet.<\/p>\n<p>S\u00e4mtliche Daten, welche Sie an unsere Website \u00fcbermitteln \u2013 etwa bei Anfragen oder Logins \u2013 k\u00f6nnen dank TLS-Verschl\u00fcsselung nicht von Dritten gelesen werden.<\/p>\n","protected":false},"excerpt":{"rendered":"<p>1. Verantwortlich f\u00fcr die Datenverarbeitung Verantwortlich f\u00fcr die Verarbeitung personenbezogener Daten im Rahmen dieses Webauftritts gem\u00e4\u00df den Vorschriften der Datenschutzgrundverordnung (DSGVO) ist: R. u. S. [&hellip;]<\/p>\n","protected":false},"author":1,"featured_media":0,"parent":0,"menu_order":0,"comment_status":"closed","ping_status":"closed","template":"","meta":{"footnotes":""},"class_list":["post-2165","page","type-page","status-publish","hentry"],"aioseo_notices":[],"_links":{"self":[{"href":"https:\/\/haus-gero.de\/gero\/wp-json\/wp\/v2\/pages\/2165","targetHints":{"allow":["GET"]}}],"collection":[{"href":"https:\/\/haus-gero.de\/gero\/wp-json\/wp\/v2\/pages"}],"about":[{"href":"https:\/\/haus-gero.de\/gero\/wp-json\/wp\/v2\/types\/page"}],"author":[{"embeddable":true,"href":"https:\/\/haus-gero.de\/gero\/wp-json\/wp\/v2\/users\/1"}],"replies":[{"embeddable":true,"href":"https:\/\/haus-gero.de\/gero\/wp-json\/wp\/v2\/comments?post=2165"}],"version-history":[{"count":1,"href":"https:\/\/haus-gero.de\/gero\/wp-json\/wp\/v2\/pages\/2165\/revisions"}],"predecessor-version":[{"id":2166,"href":"https:\/\/haus-gero.de\/gero\/wp-json\/wp\/v2\/pages\/2165\/revisions\/2166"}],"wp:attachment":[{"href":"https:\/\/haus-gero.de\/gero\/wp-json\/wp\/v2\/media?parent=2165"}],"curies":[{"name":"wp","href":"https:\/\/api.w.org\/{rel}","templated":true}]}}